
{"id":444,"date":"2024-01-18T13:54:54","date_gmt":"2024-01-18T12:54:54","guid":{"rendered":"https:\/\/biorbiotech.com\/bior\/"},"modified":"2024-10-08T11:09:01","modified_gmt":"2024-10-08T09:09:01","slug":"bior","status":"publish","type":"page","link":"https:\/\/biorbiotech.com\/sk\/","title":{"rendered":"BIOR"},"content":{"rendered":"\n<div class=\"title-banner\">\n    <video class=\"launch--background-video\" playsinline autoplay muted loop>\n        <source src=\"https:\/\/biorbiotech.com\/wp-content\/uploads\/2024\/02\/BIOR-Biotech-web-loop-02-6mbps-1.mp4\" type=\"video\/mp4\">\n    <\/video>\n    <div class=\"title-banner--text\">\n        <h1>Vraciame \u017eivot do p\u00f4dy<\/h1>\n    <\/div>\n    <a href=\"#slug1\" class=\"click-button\">\n        <img decoding=\"async\" src=\"https:\/\/biorbiotech.com\/wp-content\/themes\/twentytwentyone-child\/images\/slick-prev-white.svg\" alt=\"stroke\">\n    <\/a>\n<\/div>\n\n\n\n<figure class=\"wp-block-embed is-type-video is-provider-youtube wp-block-embed-youtube wp-embed-aspect-16-9 wp-has-aspect-ratio\"><div class=\"wp-block-embed__wrapper\">\n<iframe loading=\"lazy\" title=\"BIOR Biotech_Continuous Cultivation of Soil Bacteria. Machine like this has never existed before.\" width=\"750\" height=\"422\" src=\"https:\/\/www.youtube.com\/embed\/7Tpfd85Jfzg?feature=oembed\" frameborder=\"0\" allow=\"accelerometer; autoplay; clipboard-write; encrypted-media; gyroscope; picture-in-picture; web-share\" referrerpolicy=\"strict-origin-when-cross-origin\" allowfullscreen><\/iframe>\n<\/div><\/figure>\n\n\n<div class=\"quote\">\n        <h3>Rie\u0161ime jeden z najv\u00e4\u010d\u0161\u00edch, najn\u00e1ro\u010dnej\u0161\u00edch a najnaliehavej\u0161\u00edch probl\u00e9mov \u013eudstva. Probl\u00e9m extr\u00e9mnej degrad\u00e1cie kvality a vitality p\u00f4dy. Probl\u00e9m sp\u00f4soben\u00fd s\u00fa\u010dasn\u00fdm pr\u00edstupom modern\u00e9ho po\u013enohospod\u00e1rstva a rozsiahlym pou\u017e\u00edvan\u00edm syntetick\u00fdch hnoj\u00edv.<\/h3>\n<\/div>\n\n<div class=\"benefits\">\n                <div class=\"benefits--single\">\n                <img decoding=\"async\" src=\"https:\/\/biorbiotech.com\/wp-content\/uploads\/2024\/02\/biorlogo1.svg\" alt=\"icon\">\n                <h5>25-75% zn\u00ed\u017eenie spotreby syntetick\u00fdch hnoj\u00edv<\/h5>\n                <p>Po\u010das 1 a\u017e 4 rokov m\u00f4\u017eete v\u00fdrazne zn\u00ed\u017ei\u0165 pou\u017e\u00edvanie syntetick\u00fdch hnoj\u00edv t\u00fdm, \u017ee zv\u00fd\u0161ite \u017eivot v p\u00f4de.<\/p>\n            <\/div>\n                <div class=\"benefits--single\">\n                <img decoding=\"async\" src=\"https:\/\/biorbiotech.com\/wp-content\/uploads\/2024\/02\/biorlogo2.svg\" alt=\"icon\">\n                <h5>15 \u010fal\u0161\u00edch k\u013e\u00fa\u010dov\u00fdch v\u00fdhod<\/h5>\n                <p>Podpora optim\u00e1lneho rastu, zv\u00fd\u0161enie odolnosti vo\u010di chorob\u00e1m, suchu a in\u00fdm stresom, udr\u017eate\u013en\u00e1 absorpcia \u017eiv\u00edn, podpora v\u00fdvoja kore\u0148ov.<\/p>\n            <\/div>\n                <div class=\"benefits--single\">\n                <img decoding=\"async\" src=\"https:\/\/biorbiotech.com\/wp-content\/uploads\/2024\/02\/biorlogo3.svg\" alt=\"icon\">\n                <h5>Celkov\u00fd n\u00e1rast kvality p\u00f4dy<\/h5>\n                <p>Zv\u00fd\u0161enie biodiverzity, zn\u00ed\u017eenie zhutnenia p\u00f4dy, dosiahnutie optim\u00e1lnej hrudkovitosti p\u00f4dy, zlep\u0161enie hospod\u00e1renia s vodou.<\/p>\n            <\/div>\n                <div class=\"benefits--single\">\n                <img decoding=\"async\" src=\"https:\/\/biorbiotech.com\/wp-content\/uploads\/2024\/02\/biorlogo4.svg\" alt=\"icon\">\n                <h5>N\u00e1vratnos\u0165 invest\u00edcie za menej ako 1 rok<\/h5>\n                <p>V\u010faka zn\u00ed\u017eeniu spotreby syntetick\u00fdch hnoj\u00edv o 25 % a minim\u00e1lnym r\u00e9\u017eijn\u00fdm n\u00e1kladom sa invest\u00edcia vr\u00e1ti za menej ako 1 rok.<\/p>\n            <\/div>\n                <div class=\"benefits--single\">\n                <img decoding=\"async\" src=\"https:\/\/biorbiotech.com\/wp-content\/uploads\/2024\/02\/biorlogo5.svg\" alt=\"icon\">\n                <h5>Plne automatizovan\u00fd a Al poh\u00e1\u0148an\u00fd stroj<\/h5>\n                <p>BIOR je navrhnut\u00fd tak, aby pracoval takmer auton\u00f3mne, minimalizoval vstupy pou\u017e\u00edvate\u013ea a z\u00e1rove\u0148 zabezpe\u010dil stabilitu a kvalitu. Funguje nepretr\u017eite bez potreby z\u00e1sahov.<\/p>\n            <\/div>\n                <div class=\"benefits--single\">\n                <img decoding=\"async\" src=\"https:\/\/biorbiotech.com\/wp-content\/uploads\/2024\/02\/biorlogo6.svg\" alt=\"icon\">\n                <h5>Zn\u00ed\u017eenie emisi\u00ed CO2 takmer na nulu.<\/h5>\n                <p>Priemysel syntetick\u00fdch hnoj\u00edv je zn\u00e1my svojou vysokou spotrebou energie, produkciou CO2 a zne\u010disten\u00edm sp\u00f4soben\u00fdm n\u00e1kladmi na dopravu. S BIOR sa tieto probl\u00e9my eliminuj\u00fa.<\/p>\n            <\/div>\n    <\/div>\n\n<div class=\"processes\">\n    <div class=\"parallax\"><\/div>\n                <div class=\"processes--single\">\n                <div class=\"processes--single__info\">\n                    <h2>Pre\u010do je tento pr\u00edstup tak\u00fd revolu\u010dn\u00fd?<\/h2>\n                    <ul>\n<li>Zn\u00ed\u017eenie n\u00e1kladov na dus\u00edkat\u00e9 hnojiv\u00e1 a\u017e o 75 %<\/li>\n<li>Zn\u00ed\u017eenie vplyvu na \u017eivotn\u00e9 prostredie<\/li>\n<li>Zlep\u0161enie zdravia p\u00f4dy<\/li>\n<li>Ochrana biodiverzity<\/li>\n<li>Zmiernenie zne\u010distenia vody<\/li>\n<li>Udr\u017eate\u013en\u00e1 absorpcia \u017eiv\u00edn<\/li>\n<li>Dlhodob\u00e1 \u00farodnos\u0165 p\u00f4dy<\/li>\n<li>Zn\u00ed\u017eenie uhl\u00edkovej stopy<\/li>\n<li>Minimaliz\u00e1cia emisi\u00ed z dopravy<\/li>\n<\/ul>\n                                            <a class=\"primary-btn\" href=\"\/why-is-bior-so-revolutionary\" target=\"_self\">Zisti\u0165 viac<\/a>\n                                        \n                <\/div>\n                <div class=\"processes--single__image\">\n                    <img decoding=\"async\" src=\"https:\/\/biorbiotech.com\/wp-content\/uploads\/2024\/01\/Group-11.png\" alt=\"icon\">\n                <\/div>\n            <\/div>\n                <div class=\"processes--single\">\n                <div class=\"processes--single__info\">\n                    <h2>Ako funguje technol\u00f3gia BIOR<\/h2>\n                    <p>BIOR je skratka pre &#8222;BIO Reaktor&#8220;, revolu\u010dn\u00fa technol\u00f3giu, ktor\u00e1 ako prv\u00e1 na svete umo\u017e\u0148uje nepretr\u017eit\u00fa kultiv\u00e1ciu p\u00f4dnych mikroorganizmov nevyhnutn\u00fdch pre spr\u00e1vne fungovanie p\u00f4dy. BIOR je ur\u010den\u00fd na pou\u017eitie na ka\u017edej farme na svete a je pod\u013ea toho aj navrhnut\u00fd. Vyzna\u010duje sa \u00faplne auton\u00f3mnym nastaven\u00edm a procesom, ktor\u00fd je riaden\u00fd najmodernej\u0161ou umelou inteligenciou a optickou mikroskopiou.<\/p>\n                                            <a class=\"primary-btn\" href=\"\/bioreactor\" target=\"_self\">Zisti\u0165 viac<\/a>\n                                        \n                <\/div>\n                <div class=\"processes--single__image\">\n                    <img decoding=\"async\" src=\"https:\/\/biorbiotech.com\/wp-content\/uploads\/2024\/01\/Group-11-1.png\" alt=\"icon\">\n                <\/div>\n            <\/div>\n    <\/div>\n\n\n<h2 class=\"wp-block-heading has-text-align-center\">Ako funguje proces BIOR<\/h2>\n\n\n\n<p><\/p>\n\n\n<div class=\"how-it-works\">\n    <div class=\"how-it-works-slider\">\n                                <div class=\"how-it-works--single\">\n                    <div class=\"how-it-works--single__image\">\n                        <p>1<\/p>\n                        <img decoding=\"async\" src=\"https:\/\/biorbiotech.com\/wp-content\/uploads\/2024\/01\/bior-icon.svg\" alt=\"icon\">\n                    <\/div>\n                    <div class=\"how-it-works--single__info\">\n                        <h4>Zak\u00fapenie<\/h4>\n                        <p>Z\u00edskanie zariadenia BIOR.<\/p>\n                    <\/div>\n                <\/div>\n                        <div class=\"how-it-works--single\">\n                    <div class=\"how-it-works--single__image\">\n                        <p>2<\/p>\n                        <img decoding=\"async\" src=\"https:\/\/biorbiotech.com\/wp-content\/uploads\/2024\/01\/Layer_1.svg\" alt=\"icon\">\n                    <\/div>\n                    <div class=\"how-it-works--single__info\">\n                        <h4>Vzorky p\u00f4dy<\/h4>\n                        <p>Odoberte vzorky p\u00f4dy pod\u013ea ur\u010den\u00e9ho postupu a po\u0161lite ich do n\u00e1\u0161ho najbli\u017e\u0161ieho laborat\u00f3ria.<\/p>\n                    <\/div>\n                <\/div>\n                        <div class=\"how-it-works--single\">\n                    <div class=\"how-it-works--single__image\">\n                        <p>3<\/p>\n                        <img decoding=\"async\" src=\"https:\/\/biorbiotech.com\/wp-content\/uploads\/2024\/01\/Group-261.svg\" alt=\"icon\">\n                    <\/div>\n                    <div class=\"how-it-works--single__info\">\n                        <h4>Mikrobi\u00e1lna anal\u00fdza<\/h4>\n                        <p>Vykon\u00e1me mikrobiologick\u00fa anal\u00fdzu va\u0161ej p\u00f4dy. Nejde o chemick\u00fa anal\u00fdzu na identifik\u00e1ciu prvkov, ale sk\u00f4r o hodnotenie, ktor\u00e9 odhal\u00ed \u00farove\u0148 biologickej aktivity v p\u00f4de a identifikuje pr\u00edpadn\u00e9 ch\u00fdbaj\u00face zlo\u017eky.<\/p>\n                    <\/div>\n                <\/div>\n                        <div class=\"how-it-works--single\">\n                    <div class=\"how-it-works--single__image\">\n                        <p>4<\/p>\n                        <img decoding=\"async\" src=\"https:\/\/biorbiotech.com\/wp-content\/uploads\/2024\/01\/Group-260.svg\" alt=\"icon\">\n                    <\/div>\n                    <div class=\"how-it-works--single__info\">\n                        <h4>Bakt\u00e9rie na mieru<\/h4>\n                        <p>Z\u00edskate bakteri\u00e1lnu kult\u00faru na mieru pripraven\u00fa \u0161peci\u00e1lne pre va\u0161e potreby na z\u00e1klade komplexnej anal\u00fdzy a va\u0161ich pl\u00e1nov.<\/p>\n                    <\/div>\n                <\/div>\n                        <div class=\"how-it-works--single\">\n                    <div class=\"how-it-works--single__image\">\n                        <p>5<\/p>\n                        <img decoding=\"async\" src=\"https:\/\/biorbiotech.com\/wp-content\/uploads\/2024\/01\/Layer_1-1.svg\" alt=\"icon\">\n                    <\/div>\n                    <div class=\"how-it-works--single__info\">\n                        <h4>nepretr\u017eit\u00e1 kultiv\u00e1cia<\/h4>\n                        <p>Auton\u00f3mne rie\u0161enie Plug &#038; Play. Sta\u010d\u00ed prida\u0165 bakt\u00e9rie, pripoji\u0165 ich k pr\u00edvodu vody a cenovo dostupn\u00e9mu \u0161tandardn\u00e9mu kultiva\u010dn\u00e9mu m\u00e9diu a zariadenie sa postar\u00e1 o zvy\u0161ok. Dok\u00e1\u017ee vyprodukova\u0165 a\u017e 1200 litrov za 24 hod\u00edn.<\/p>\n                    <\/div>\n                <\/div>\n                        <div class=\"how-it-works--single\">\n                    <div class=\"how-it-works--single__image\">\n                        <p>6<\/p>\n                        <img decoding=\"async\" src=\"https:\/\/biorbiotech.com\/wp-content\/uploads\/2024\/01\/Group-263.svg\" alt=\"icon\">\n                    <\/div>\n                    <div class=\"how-it-works--single__info\">\n                        <h4>Kontrola kvality<\/h4>\n                        <p>Benefit from a fully autonomous quality control process powered by artificial intelligence. This system continuously analyzes more than 15 process parameters and uses autonomous microscopy combined with AI for both qualitative and quantitative analysis.<\/p>\n                    <\/div>\n                <\/div>\n                        <div class=\"how-it-works--single\">\n                    <div class=\"how-it-works--single__image\">\n                        <p>7<\/p>\n                        <img decoding=\"async\" src=\"https:\/\/biorbiotech.com\/wp-content\/uploads\/2024\/01\/Group-262.svg\" alt=\"icon\">\n                    <\/div>\n                    <div class=\"how-it-works--single__info\">\n                        <h4>Implement\u00e1cia<\/h4>\n                        <p>Po\u010das v\u00fdsevu ich zapracujte priamo do p\u00f4dy spolu so semenami. T\u00e1to met\u00f3da umo\u017e\u0148uje okam\u017eit\u00e9 zn\u00ed\u017eenie spotreby syntetick\u00fdch hnoj\u00edv o 25 % po\u010das prv\u00e9ho roka.<\/p>\n                    <\/div>\n                <\/div>\n            <\/div>\n<\/div>\n\n\n<h2 class=\"wp-block-heading has-text-align-center\">N\u00e1\u0161 t\u00edm<\/h2>\n\n\n<div class=\"team-container\">\n <p style=\"text-align: center;\">&#8222;N\u00e1\u0161 t\u00edm, ktor\u00fd sa venuje v\u00fdvoju u\u017e viac ako sedem rokov, tvor\u00ed viac ako 80 vysokokvalifikovan\u00fdch pracovn\u00edkov vr\u00e1tane vedcov, in\u017einierov, v\u00fdvoj\u00e1rov, odborn\u00edkov na umel\u00fa inteligenciu a v\u00fdrobn\u00fdch expertov. N\u00e1\u0161 t\u00edm spolo\u010dne prin\u00e1\u0161a bohat\u00e9 odborn\u00e9 znalosti, ktor\u00e9 zabezpe\u010duj\u00fa \u00faspech n\u00e1\u0161ho \u00fasilia. Zozn\u00e1mte sa s nad\u0161encami, ktor\u00ed pos\u00favaj\u00fa na\u0161e technologick\u00e9 hranice a vytv\u00e1raj\u00fa \u00fa\u010dinn\u00e9 rie\u0161enia.&#8220;<\/p>\n<div class=\"team\">\n                <div class=\"team--single\">\n            <div class=\"team--single__image\">\n                    <img decoding=\"async\" src=\"https:\/\/biorbiotech.com\/wp-content\/uploads\/2024\/02\/Faragoova-scaled.jpg\" alt=\"icon\">\n                <\/div>\n                <div class=\"team--single__info\">\n                    <h6>Natalia Faragoova<\/h6>\n                    <span>Chief Soil Microbiologist<\/span>\n                    <a href=\"mailto:natalia.faragoova@biorbiotech.com\" target=\"_blank\";>natalia.faragoova@biorbiotech.com<\/a>\n                    <a class=\"linkedin\" href=\"https:\/\/www.linkedin.com\/in\/nat%C3%A1lia-faragoov%C3%A1-b657b02b2\/ \" target=\"_blank\"><img decoding=\"async\" src=\"https:\/\/biorbiotech.com\/wp-content\/themes\/twentytwentyone-child\/images\/team_linkedin.svg\" alt=\"bior logo\"><\/a>\n                <\/div>\n                \n            <\/div>\n                <div class=\"team--single\">\n            <div class=\"team--single__image\">\n                    <img decoding=\"async\" src=\"https:\/\/biorbiotech.com\/wp-content\/uploads\/2024\/02\/Jedlicka-scaled.jpg\" alt=\"icon\">\n                <\/div>\n                <div class=\"team--single__info\">\n                    <h6>Andrej Jedli\u010dka<\/h6>\n                    <span>Chief Scientific Officer<\/span>\n                    <a href=\"mailto:andrej.jedlicka@biorbiotech.com\" target=\"_blank\";>andrej.jedlicka@biorbiotech.com<\/a>\n                    <a class=\"linkedin\" href=\"https:\/\/www.linkedin.com\/in\/andrej-jedli%C4%8Dka-208272192\/\" target=\"_blank\"><img decoding=\"async\" src=\"https:\/\/biorbiotech.com\/wp-content\/themes\/twentytwentyone-child\/images\/team_linkedin.svg\" alt=\"bior logo\"><\/a>\n                <\/div>\n                \n            <\/div>\n                <div class=\"team--single\">\n            <div class=\"team--single__image\">\n                    <img decoding=\"async\" src=\"https:\/\/biorbiotech.com\/wp-content\/uploads\/2024\/02\/Hrivnak-1-1-scaled.jpg\" alt=\"icon\">\n                <\/div>\n                <div class=\"team--single__info\">\n                    <h6>Vladimir Hrivnak<\/h6>\n                    <span>Chief of Engineering &#038; Development<\/span>\n                    <a href=\"mailto:vladimir.hrivnak@biorbiotech.com\" target=\"_blank\";>vladimir.hrivnak@biorbiotech.com<\/a>\n                    <a class=\"linkedin\" href=\"https:\/\/www.linkedin.com\/in\/vladimir-hrivnak\/ \" target=\"_blank\"><img decoding=\"async\" src=\"https:\/\/biorbiotech.com\/wp-content\/themes\/twentytwentyone-child\/images\/team_linkedin.svg\" alt=\"bior logo\"><\/a>\n                <\/div>\n                \n            <\/div>\n                <div class=\"team--single\">\n            <div class=\"team--single__image\">\n                    <img decoding=\"async\" src=\"https:\/\/biorbiotech.com\/wp-content\/uploads\/2024\/02\/BIOR_Portrait_0172_export-1-scaled.jpg\" alt=\"icon\">\n                <\/div>\n                <div class=\"team--single__info\">\n                    <h6>Tomas Vavro<\/h6>\n                    <span>CEO \/ Development<\/span>\n                    <a href=\"mailto:tomas.vavro@biorbiotech.com\" target=\"_blank\";>tomas.vavro@biorbiotech.com<\/a>\n                    <a class=\"linkedin\" href=\"https:\/\/www.linkedin.com\/in\/tomas-vavro-987a1967\/\" target=\"_blank\"><img decoding=\"async\" src=\"https:\/\/biorbiotech.com\/wp-content\/themes\/twentytwentyone-child\/images\/team_linkedin.svg\" alt=\"bior logo\"><\/a>\n                <\/div>\n                \n            <\/div>\n    <\/div>\n<\/div>\n\n<div class=\"resources\">\n    <h2>Zdroje<\/h2>\n    <div class=\"resources-container\">\n                <img decoding=\"async\" src=\"https:\/\/biorbiotech.com\/wp-content\/uploads\/2024\/02\/Isolation_Mode.png\" alt=\"icon\">\n        <div class=\"resources-container--links\">\n                                <a href=\"https:\/\/biorbiotech.com\/sk\/pre-koho-je-bior-urceny\/\" class=\"resources-container--links__single\">\n                        <h6>Pre koho je BIOR ur\u010den\u00fd?<\/h6>\n                    <\/a>\n                                <a href=\"https:\/\/biorbiotech.com\/sk\/preco-je-bior-tak-revolucny\/\" class=\"resources-container--links__single\">\n                        <h6>Pre\u010do je BIOR tak revolu\u010dn\u00fd<\/h6>\n                    <\/a>\n                                <a href=\"https:\/\/biorbiotech.com\/sk\/bioreactor_sk\/\" class=\"resources-container--links__single\">\n                        <h6>Bioreactor<\/h6>\n                    <\/a>\n                                <a href=\"https:\/\/biorbiotech.com\/sk\/o-bior-biotech\/(opens in a new tab)\" class=\"resources-container--links__single\">\n                        <h6>O BIOR Biotech<\/h6>\n                    <\/a>\n                    <\/div>\n    <\/div>\n    <div class=\"resources-button\">\n        <a class=\"primary-btn\" href=\"\/resources\">V\u0161etky zdroje<\/a>\n    <\/div>\n<\/div>\n\n\n<div class=\"thanks\">\n        <h2>\u010eakujeme partnerom<\/h2>\n    <p>Projekt je financovan\u00fd z N\u00f3rskych fondov a \u0161t\u00e1tneho rozpo\u010dtu Slovenskej republiky <a href=\"https:\/\/www.revolttconsultingsro.sk\" target=\"_blank\" rel=\"noopener\">viac inform\u00e1ci\u00ed<\/a>.<\/p>\n    <div class=\"thanks--partners\">\n                        <img decoding=\"async\" src=\"https:\/\/biorbiotech.com\/wp-content\/uploads\/2024\/01\/VA_logo-1.svg\" alt=\"icon\">\n                        <img decoding=\"async\" src=\"https:\/\/biorbiotech.com\/wp-content\/uploads\/2024\/01\/SK_Logo-1.svg\" alt=\"icon\">\n                        <img decoding=\"async\" src=\"https:\/\/biorbiotech.com\/wp-content\/uploads\/2024\/01\/NG_logo-1.svg\" alt=\"icon\">\n            <\/div>\n<\/div>","protected":false},"excerpt":{"rendered":"<p>Ako funguje proces BIOR N\u00e1\u0161 t\u00edm<\/p>\n","protected":false},"author":1,"featured_media":0,"parent":0,"menu_order":0,"comment_status":"closed","ping_status":"closed","template":"","meta":{"inline_featured_image":false,"footnotes":""},"class_list":["post-444","page","type-page","status-publish","hentry","entry"],"acf":[],"yoast_head":"<!-- This site is optimized with the Yoast SEO plugin v21.9.1 - https:\/\/yoast.com\/wordpress\/plugins\/seo\/ -->\n<title>BIOR - BIOR<\/title>\n<meta name=\"robots\" content=\"index, follow, max-snippet:-1, max-image-preview:large, max-video-preview:-1\" \/>\n<link rel=\"canonical\" href=\"https:\/\/biorbiotech.com\/sk\/\" \/>\n<meta property=\"og:locale\" content=\"sk_SK\" \/>\n<meta property=\"og:type\" content=\"article\" \/>\n<meta property=\"og:title\" content=\"BIOR - BIOR\" \/>\n<meta property=\"og:description\" content=\"Ako funguje proces BIOR N\u00e1\u0161 t\u00edm\" \/>\n<meta property=\"og:url\" content=\"https:\/\/biorbiotech.com\/sk\/\" \/>\n<meta property=\"og:site_name\" content=\"BIOR\" \/>\n<meta property=\"article:modified_time\" content=\"2024-10-08T09:09:01+00:00\" \/>\n<meta name=\"twitter:card\" content=\"summary_large_image\" \/>\n<meta name=\"twitter:label1\" content=\"Predpokladan\u00fd \u010das \u010d\u00edtania\" \/>\n\t<meta name=\"twitter:data1\" content=\"1 min\u00fata\" \/>\n<script type=\"application\/ld+json\" class=\"yoast-schema-graph\">{\"@context\":\"https:\/\/schema.org\",\"@graph\":[{\"@type\":\"WebPage\",\"@id\":\"https:\/\/biorbiotech.com\/sk\/\",\"url\":\"https:\/\/biorbiotech.com\/sk\/\",\"name\":\"BIOR - BIOR\",\"isPartOf\":{\"@id\":\"https:\/\/biorbiotech.com\/#website\"},\"datePublished\":\"2024-01-18T12:54:54+00:00\",\"dateModified\":\"2024-10-08T09:09:01+00:00\",\"breadcrumb\":{\"@id\":\"https:\/\/biorbiotech.com\/sk\/#breadcrumb\"},\"inLanguage\":\"sk-SK\",\"potentialAction\":[{\"@type\":\"ReadAction\",\"target\":[\"https:\/\/biorbiotech.com\/sk\/\"]}]},{\"@type\":\"BreadcrumbList\",\"@id\":\"https:\/\/biorbiotech.com\/sk\/#breadcrumb\",\"itemListElement\":[{\"@type\":\"ListItem\",\"position\":1,\"name\":\"Domovsk\u00e1 str\u00e1nka\",\"item\":\"https:\/\/biorbiotech.com\/sk\/\"},{\"@type\":\"ListItem\",\"position\":2,\"name\":\"BIOR\"}]},{\"@type\":\"WebSite\",\"@id\":\"https:\/\/biorbiotech.com\/#website\",\"url\":\"https:\/\/biorbiotech.com\/\",\"name\":\"BIOR\",\"description\":\"BIOR Biotech\",\"potentialAction\":[{\"@type\":\"SearchAction\",\"target\":{\"@type\":\"EntryPoint\",\"urlTemplate\":\"https:\/\/biorbiotech.com\/?s={search_term_string}\"},\"query-input\":\"required name=search_term_string\"}],\"inLanguage\":\"sk-SK\"}]}<\/script>\n<!-- \/ Yoast SEO plugin. -->","yoast_head_json":{"title":"BIOR - BIOR","robots":{"index":"index","follow":"follow","max-snippet":"max-snippet:-1","max-image-preview":"max-image-preview:large","max-video-preview":"max-video-preview:-1"},"canonical":"https:\/\/biorbiotech.com\/sk\/","og_locale":"sk_SK","og_type":"article","og_title":"BIOR - BIOR","og_description":"Ako funguje proces BIOR N\u00e1\u0161 t\u00edm","og_url":"https:\/\/biorbiotech.com\/sk\/","og_site_name":"BIOR","article_modified_time":"2024-10-08T09:09:01+00:00","twitter_card":"summary_large_image","twitter_misc":{"Predpokladan\u00fd \u010das \u010d\u00edtania":"1 min\u00fata"},"schema":{"@context":"https:\/\/schema.org","@graph":[{"@type":"WebPage","@id":"https:\/\/biorbiotech.com\/sk\/","url":"https:\/\/biorbiotech.com\/sk\/","name":"BIOR - BIOR","isPartOf":{"@id":"https:\/\/biorbiotech.com\/#website"},"datePublished":"2024-01-18T12:54:54+00:00","dateModified":"2024-10-08T09:09:01+00:00","breadcrumb":{"@id":"https:\/\/biorbiotech.com\/sk\/#breadcrumb"},"inLanguage":"sk-SK","potentialAction":[{"@type":"ReadAction","target":["https:\/\/biorbiotech.com\/sk\/"]}]},{"@type":"BreadcrumbList","@id":"https:\/\/biorbiotech.com\/sk\/#breadcrumb","itemListElement":[{"@type":"ListItem","position":1,"name":"Domovsk\u00e1 str\u00e1nka","item":"https:\/\/biorbiotech.com\/sk\/"},{"@type":"ListItem","position":2,"name":"BIOR"}]},{"@type":"WebSite","@id":"https:\/\/biorbiotech.com\/#website","url":"https:\/\/biorbiotech.com\/","name":"BIOR","description":"BIOR Biotech","potentialAction":[{"@type":"SearchAction","target":{"@type":"EntryPoint","urlTemplate":"https:\/\/biorbiotech.com\/?s={search_term_string}"},"query-input":"required name=search_term_string"}],"inLanguage":"sk-SK"}]}},"_links":{"self":[{"href":"https:\/\/biorbiotech.com\/sk\/wp-json\/wp\/v2\/pages\/444","targetHints":{"allow":["GET"]}}],"collection":[{"href":"https:\/\/biorbiotech.com\/sk\/wp-json\/wp\/v2\/pages"}],"about":[{"href":"https:\/\/biorbiotech.com\/sk\/wp-json\/wp\/v2\/types\/page"}],"author":[{"embeddable":true,"href":"https:\/\/biorbiotech.com\/sk\/wp-json\/wp\/v2\/users\/1"}],"replies":[{"embeddable":true,"href":"https:\/\/biorbiotech.com\/sk\/wp-json\/wp\/v2\/comments?post=444"}],"version-history":[{"count":49,"href":"https:\/\/biorbiotech.com\/sk\/wp-json\/wp\/v2\/pages\/444\/revisions"}],"predecessor-version":[{"id":626,"href":"https:\/\/biorbiotech.com\/sk\/wp-json\/wp\/v2\/pages\/444\/revisions\/626"}],"wp:attachment":[{"href":"https:\/\/biorbiotech.com\/sk\/wp-json\/wp\/v2\/media?parent=444"}],"curies":[{"name":"wp","href":"https:\/\/api.w.org\/{rel}","templated":true}]}}