
{"id":503,"date":"2024-01-26T10:38:24","date_gmt":"2024-01-26T09:38:24","guid":{"rendered":"https:\/\/biorbiotech.com\/kontakt\/"},"modified":"2024-02-28T12:56:47","modified_gmt":"2024-02-28T11:56:47","slug":"kontakt","status":"publish","type":"page","link":"https:\/\/biorbiotech.com\/sk\/kontakt\/","title":{"rendered":"Kontakt"},"content":{"rendered":"\n<h2 class=\"wp-block-heading has-text-align-center\">Kontaktujte n\u00e1s:<\/h2>\n\n<p class=\"has-text-align-center title_text\">Te\u0161\u00edme sa na va\u0161e kontaktovanie Vypl\u0148te pros\u00edm nasleduj\u00faci formul\u00e1r a my sa v\u00e1m ozveme, alebo n\u00e1m nap\u00ed\u0161te na<\/p>\n","protected":false},"excerpt":{"rendered":"<p>Kontaktujte n\u00e1s: Te\u0161\u00edme sa na va\u0161e kontaktovanie Vypl\u0148te pros\u00edm nasleduj\u00faci formul\u00e1r a my sa v\u00e1m ozveme, alebo n\u00e1m nap\u00ed\u0161te na<\/p>\n","protected":false},"author":1,"featured_media":0,"parent":0,"menu_order":0,"comment_status":"closed","ping_status":"closed","template":"contact.php","meta":{"inline_featured_image":false,"footnotes":""},"class_list":["post-503","page","type-page","status-publish","hentry","entry"],"acf":[],"yoast_head":"<!-- This site is optimized with the Yoast SEO plugin v21.9.1 - https:\/\/yoast.com\/wordpress\/plugins\/seo\/ -->\n<title>Kontakt - BIOR<\/title>\n<meta name=\"robots\" content=\"index, follow, max-snippet:-1, max-image-preview:large, max-video-preview:-1\" \/>\n<link rel=\"canonical\" href=\"https:\/\/biorbiotech.com\/sk\/kontakt\/\" \/>\n<meta property=\"og:locale\" content=\"sk_SK\" \/>\n<meta property=\"og:type\" content=\"article\" \/>\n<meta property=\"og:title\" content=\"Kontakt - BIOR\" \/>\n<meta property=\"og:description\" content=\"Kontaktujte n\u00e1s: Te\u0161\u00edme sa na va\u0161e kontaktovanie Vypl\u0148te pros\u00edm nasleduj\u00faci formul\u00e1r a my sa v\u00e1m ozveme, alebo n\u00e1m nap\u00ed\u0161te na\" \/>\n<meta property=\"og:url\" content=\"https:\/\/biorbiotech.com\/sk\/kontakt\/\" \/>\n<meta property=\"og:site_name\" content=\"BIOR\" \/>\n<meta property=\"article:modified_time\" content=\"2024-02-28T11:56:47+00:00\" \/>\n<meta name=\"twitter:card\" content=\"summary_large_image\" \/>\n<script type=\"application\/ld+json\" class=\"yoast-schema-graph\">{\"@context\":\"https:\/\/schema.org\",\"@graph\":[{\"@type\":\"WebPage\",\"@id\":\"https:\/\/biorbiotech.com\/sk\/kontakt\/\",\"url\":\"https:\/\/biorbiotech.com\/sk\/kontakt\/\",\"name\":\"Kontakt - BIOR\",\"isPartOf\":{\"@id\":\"https:\/\/biorbiotech.com\/#website\"},\"datePublished\":\"2024-01-26T09:38:24+00:00\",\"dateModified\":\"2024-02-28T11:56:47+00:00\",\"breadcrumb\":{\"@id\":\"https:\/\/biorbiotech.com\/sk\/kontakt\/#breadcrumb\"},\"inLanguage\":\"sk-SK\",\"potentialAction\":[{\"@type\":\"ReadAction\",\"target\":[\"https:\/\/biorbiotech.com\/sk\/kontakt\/\"]}]},{\"@type\":\"BreadcrumbList\",\"@id\":\"https:\/\/biorbiotech.com\/sk\/kontakt\/#breadcrumb\",\"itemListElement\":[{\"@type\":\"ListItem\",\"position\":1,\"name\":\"Domovsk\u00e1 str\u00e1nka\",\"item\":\"https:\/\/biorbiotech.com\/sk\/\"},{\"@type\":\"ListItem\",\"position\":2,\"name\":\"Kontakt\"}]},{\"@type\":\"WebSite\",\"@id\":\"https:\/\/biorbiotech.com\/#website\",\"url\":\"https:\/\/biorbiotech.com\/\",\"name\":\"BIOR\",\"description\":\"BIOR Biotech\",\"potentialAction\":[{\"@type\":\"SearchAction\",\"target\":{\"@type\":\"EntryPoint\",\"urlTemplate\":\"https:\/\/biorbiotech.com\/?s={search_term_string}\"},\"query-input\":\"required name=search_term_string\"}],\"inLanguage\":\"sk-SK\"}]}<\/script>\n<!-- \/ Yoast SEO plugin. -->","yoast_head_json":{"title":"Kontakt - BIOR","robots":{"index":"index","follow":"follow","max-snippet":"max-snippet:-1","max-image-preview":"max-image-preview:large","max-video-preview":"max-video-preview:-1"},"canonical":"https:\/\/biorbiotech.com\/sk\/kontakt\/","og_locale":"sk_SK","og_type":"article","og_title":"Kontakt - BIOR","og_description":"Kontaktujte n\u00e1s: Te\u0161\u00edme sa na va\u0161e kontaktovanie Vypl\u0148te pros\u00edm nasleduj\u00faci formul\u00e1r a my sa v\u00e1m ozveme, alebo n\u00e1m nap\u00ed\u0161te na","og_url":"https:\/\/biorbiotech.com\/sk\/kontakt\/","og_site_name":"BIOR","article_modified_time":"2024-02-28T11:56:47+00:00","twitter_card":"summary_large_image","schema":{"@context":"https:\/\/schema.org","@graph":[{"@type":"WebPage","@id":"https:\/\/biorbiotech.com\/sk\/kontakt\/","url":"https:\/\/biorbiotech.com\/sk\/kontakt\/","name":"Kontakt - BIOR","isPartOf":{"@id":"https:\/\/biorbiotech.com\/#website"},"datePublished":"2024-01-26T09:38:24+00:00","dateModified":"2024-02-28T11:56:47+00:00","breadcrumb":{"@id":"https:\/\/biorbiotech.com\/sk\/kontakt\/#breadcrumb"},"inLanguage":"sk-SK","potentialAction":[{"@type":"ReadAction","target":["https:\/\/biorbiotech.com\/sk\/kontakt\/"]}]},{"@type":"BreadcrumbList","@id":"https:\/\/biorbiotech.com\/sk\/kontakt\/#breadcrumb","itemListElement":[{"@type":"ListItem","position":1,"name":"Domovsk\u00e1 str\u00e1nka","item":"https:\/\/biorbiotech.com\/sk\/"},{"@type":"ListItem","position":2,"name":"Kontakt"}]},{"@type":"WebSite","@id":"https:\/\/biorbiotech.com\/#website","url":"https:\/\/biorbiotech.com\/","name":"BIOR","description":"BIOR Biotech","potentialAction":[{"@type":"SearchAction","target":{"@type":"EntryPoint","urlTemplate":"https:\/\/biorbiotech.com\/?s={search_term_string}"},"query-input":"required name=search_term_string"}],"inLanguage":"sk-SK"}]}},"_links":{"self":[{"href":"https:\/\/biorbiotech.com\/sk\/wp-json\/wp\/v2\/pages\/503","targetHints":{"allow":["GET"]}}],"collection":[{"href":"https:\/\/biorbiotech.com\/sk\/wp-json\/wp\/v2\/pages"}],"about":[{"href":"https:\/\/biorbiotech.com\/sk\/wp-json\/wp\/v2\/types\/page"}],"author":[{"embeddable":true,"href":"https:\/\/biorbiotech.com\/sk\/wp-json\/wp\/v2\/users\/1"}],"replies":[{"embeddable":true,"href":"https:\/\/biorbiotech.com\/sk\/wp-json\/wp\/v2\/comments?post=503"}],"version-history":[{"count":1,"href":"https:\/\/biorbiotech.com\/sk\/wp-json\/wp\/v2\/pages\/503\/revisions"}],"predecessor-version":[{"id":504,"href":"https:\/\/biorbiotech.com\/sk\/wp-json\/wp\/v2\/pages\/503\/revisions\/504"}],"wp:attachment":[{"href":"https:\/\/biorbiotech.com\/sk\/wp-json\/wp\/v2\/media?parent=503"}],"curies":[{"name":"wp","href":"https:\/\/api.w.org\/{rel}","templated":true}]}}